{"id":31736,"date":"2018-04-28T06:01:02","date_gmt":"2018-04-28T06:01:02","guid":{"rendered":"https:\/\/wpr2.com\/?page_id=31736"},"modified":"2018-04-28T06:46:36","modified_gmt":"2018-04-28T06:46:36","slug":"cost-effective-billing-fr","status":"publish","type":"page","link":"https:\/\/wpr2.com\/fr\/cost-effective-billing-fr\/","title":{"rendered":"Payer facilement, transparence des prix"},"content":{"rendered":"<div class=\"wpb-content-wrapper\"><p>[vc_row][vc_column width=\u00a0\u00bb1\/2&Prime;][vc_column_text]<\/p>\n<div class=\"title-h3\">Payer facilement, transparence des prix<\/div>\n<p>[\/vc_column_text]<div class=\"clearboth\"><\/div><style>#thegem-divider-69f0ee2732e78 {margin-top: 31px !important;}<\/style><div id=\"thegem-divider-69f0ee2732e78\" class=\"gem-divider  \" style=\"\" ><\/div>[vc_column_text]Charges bas\u00e9es sur le nombre de rapports de m\u00e9dias, l&rsquo;exposition peut \u00eatre d\u00e9termin\u00e9e par vous-m\u00eame! Il convient aux entreprises qui n&rsquo;ont pas de service de relations publiques, elles doivent \u00eatre signal\u00e9es par les m\u00e9dias temporairement, et pas assez de reportages m\u00e9diatiques.<\/p>\n<p>\u00c0 un moment donn\u00e9, la soci\u00e9t\u00e9 de marketing et le client ont sign\u00e9 un KPI, mais en raison de facteurs sp\u00e9ciaux menant \u00e0 une exposition m\u00e9diatique insuffisante, nous pouvons vous aider \u00e0 envoyer suffisamment de nouvelles; la soci\u00e9t\u00e9 organise des \u00e9v\u00e9nements, nous pouvons soumettre des communiqu\u00e9s de presse et obtenir un grand nombre de couverture de nouvelles; Les rapports m\u00e9diatiques bien connus ont toujours \u00e9t\u00e9 grandement am\u00e9lior\u00e9s par Google et Baidu.[\/vc_column_text][\/vc_column][vc_column width=\u00a0\u00bb1\/2&Prime;][vc_column_text]<\/p>\n<div class=\"title-h3\">Saisir avec pr\u00e9cision l&rsquo;effet<\/div>\n<p>[\/vc_column_text]<div class=\"clearboth\"><\/div><style>#thegem-divider-69f0ee2732ee3 {margin-top: -16px !important;}<\/style><div id=\"thegem-divider-69f0ee2732ee3\" class=\"gem-divider  \" style=\"\" ><\/div><div data-number-format=\"(ddd).ddd\" class=\"gem-counter-box row inline-row inline-row-center gem-counter-style-1\" ><div class=\"gem-counter col-sm-6 col-xs-12 inline-column gem-counter-effect-simple\" ><div class=\"gem-counter-inner\"><div class=\"gem-counter-icon\"><div class=\"gem-icon gem-icon-pack-material gem-icon-size-large  gem-icon-shape-square gem-simple-icon\"  style=\"opacity: 1;\"><div class=\"gem-icon-inner\" style=\"\"><span class=\"gem-icon-half-1\" style=\"color: #3c3950;\"><span class=\"back-angle\">&#xf4c8;<\/span><\/span><span class=\"gem-icon-half-2\" style=\"color: #3c3950;\"><span class=\"back-angle\">&#xf4c8;<\/span><\/span><\/div><\/div><\/div><div class=\"gem-counter-number\" style=\"color: #00bcd4\"><div class=\"gem-counter-odometer\" data-to=\"5\">0<\/div><\/div><div class=\"gem-counter-text styled-subtitle\">Num\u00e9ro personnalis\u00e9<\/div><\/div><\/div><div class=\"gem-counter col-sm-6 col-xs-12 inline-column gem-counter-effect-simple\" ><div class=\"gem-counter-inner\"><div class=\"gem-counter-icon\"><div class=\"gem-icon gem-icon-pack-material gem-icon-size-large  gem-icon-shape-square gem-simple-icon\"  style=\"opacity: 1;\"><div class=\"gem-icon-inner\" style=\"\"><span class=\"gem-icon-half-1\" style=\"color: #3c3950;\"><span class=\"back-angle\">&#xf4a4;<\/span><\/span><span class=\"gem-icon-half-2\" style=\"color: #3c3950;\"><span class=\"back-angle\">&#xf4a4;<\/span><\/span><\/div><\/div><\/div><div class=\"gem-counter-number\" style=\"color: #00bcd4\"><div class=\"gem-counter-odometer\" data-to=\"15\">0<\/div><\/div><div class=\"gem-counter-text styled-subtitle\">Rapports pr\u00e9cis<\/div><\/div><\/div><\/div>[\/vc_column][\/vc_row][vc_row][vc_column][vc_column_text]<\/p>\n<div class=\"title-h2\" style=\"text-align: center;\">Achat et paiement<\/div>\n<p>[\/vc_column_text]<div class=\"clearboth\"><\/div><style>#thegem-divider-69f0ee2733167 {margin-top: 30px !important;}<\/style><div id=\"thegem-divider-69f0ee2733167\" class=\"gem-divider  \" style=\"\" ><\/div>[\/vc_column][\/vc_row][vc_row][vc_column width=\u00a0\u00bb1\/2&Prime; offset=\u00a0\u00bbvc_col-lg-4&Prime;][vc_custom_heading text=\u00a0\u00bb2 \u00e9tapes, si facile\u00a0\u00bb font_container=\u00a0\u00bbtag:h4|text_align:left\u00a0\u00bb][vc_column_text]Paiement, lib\u00e9ration, super facile. Nous fournissons une vari\u00e9t\u00e9 de m\u00e9thodes de paiement internationales. Diff\u00e9rent du mode de publication traditionnel des relations publiques \u00e0 travers des couches de relations, nous dirigeons la collaboration avec les m\u00e9dias, les m\u00e9dias sociaux et les utilisateurs en ligne a rendu les messages tr\u00e8s rapide.[\/vc_column_text][\/vc_column][vc_column width=\u00a0\u00bb1\/2&Prime; offset=\u00a0\u00bbvc_col-lg-4&Prime;][vc_custom_heading text=\u00a0\u00bbPaiement s\u00e9curis\u00e9 et rapide\u00a0\u00bb font_container=\u00a0\u00bbtag:h4|text_align:left\u00a0\u00bb]<div class=\"clearboth\"><\/div><style>#thegem-divider-69f0ee27331a4 {margin-top: -24px !important;}<\/style><div id=\"thegem-divider-69f0ee27331a4\" class=\"gem-divider  \" style=\"\" ><\/div><div class=\"gem-textbox \"  ><div class=\"gem-textbox-inner\" style=\"\"><div class=\"gem-textbox-content\" style=\"background-color: #d69942;background-position: center top;padding-top: 9px;padding-bottom: 16px;padding-left: 20px;padding-right: 20px;\"><div class=\"gem-dropcap gem-dropcap-shape-circle gem-dropcap-style-medium\"><span class=\"gem-dropcap-letter\" style=\"color: #ffffff;border: 1px solid #ffffff;\">1<\/span><\/div>[vc_column_text css=\u00a0\u00bb.vc_custom_1524895711081{margin-top: 10px !important;}\u00a0\u00bb]<span style=\"color: #ffffff;\">Paiement en ligne transnational facile en utilisant la carte de cr\u00e9dit, Paypal, Stripe.<\/span>[\/vc_column_text]<\/div><\/div><\/div><div class=\"clearboth\"><\/div><style>#thegem-divider-69f0ee2733292 {margin-top: -24px !important;}<\/style><div id=\"thegem-divider-69f0ee2733292\" class=\"gem-divider  \" style=\"\" ><\/div><div class=\"gem-textbox \"  ><div class=\"gem-textbox-inner\" style=\"\"><div class=\"gem-textbox-content\" style=\"background-color: #cccc7a;background-position: center top;padding-top: 9px;padding-bottom: 16px;padding-left: 20px;padding-right: 20px;\"><div class=\"gem-dropcap gem-dropcap-shape-circle gem-dropcap-style-medium\"><span class=\"gem-dropcap-letter\" style=\"color: #ffffff;border: 1px solid #ffffff;\">2<\/span><\/div>[vc_column_text css=\u00a0\u00bb.vc_custom_1524895726026{margin-top: 10px !important;}\u00a0\u00bb]<span style=\"color: #ffffff;\">Apr\u00e8s le paiement, envoyez le communiqu\u00e9 de presse directement au personnel du service en ligne.<\/span>[\/vc_column_text]<\/div><\/div><\/div>[\/vc_column][vc_column offset=\u00a0\u00bbvc_col-lg-4&Prime;][vc_custom_heading text=\u00a0\u00bbEcrire et publier rapidement\u00a0\u00bb font_container=\u00a0\u00bbtag:h4|text_align:left\u00a0\u00bb]<div class=\"clearboth\"><\/div><style>#thegem-divider-69f0ee2733358 {margin-top: -24px !important;}<\/style><div id=\"thegem-divider-69f0ee2733358\" class=\"gem-divider  \" style=\"\" ><\/div><div class=\"gem-textbox \"  ><div class=\"gem-textbox-inner\" style=\"\"><div class=\"gem-textbox-content\" style=\"background-color: #42abd6;background-position: center top;padding-top: 9px;padding-bottom: 16px;padding-left: 20px;padding-right: 20px;\"><div class=\"gem-dropcap gem-dropcap-shape-circle gem-dropcap-style-medium\"><span class=\"gem-dropcap-letter\" style=\"color: #ffffff;border: 1px solid #ffffff;\">1<\/span><\/div>[vc_column_text css=\u00a0\u00bb.vc_custom_1524895749241{margin-top: 10px !important;}\u00a0\u00bb]<span style=\"color: #ffffff;\">Planifiez la sortie. Nous aidons \u00e9galement \u00e0 r\u00e9diger des communiqu\u00e9s de presse.<\/span>[\/vc_column_text]<\/div><\/div><\/div><div class=\"clearboth\"><\/div><style>#thegem-divider-69f0ee2733414 {margin-top: -24px !important;}<\/style><div id=\"thegem-divider-69f0ee2733414\" class=\"gem-divider  \" style=\"\" ><\/div><div class=\"gem-textbox \"  ><div class=\"gem-textbox-inner\" style=\"\"><div class=\"gem-textbox-content\" style=\"background-color: #7acdc5;background-position: center top;padding-top: 9px;padding-bottom: 16px;padding-left: 20px;padding-right: 20px;\"><div class=\"gem-dropcap gem-dropcap-shape-circle gem-dropcap-style-medium\"><span class=\"gem-dropcap-letter\" style=\"color: #ffffff;border: 1px solid #ffffff;\">2<\/span><\/div>[vc_column_text css=\u00a0\u00bb.vc_custom_1524895763587{margin-top: 10px !important;}\u00a0\u00bb]<span style=\"color: #ffffff;\">Des heures aux jours, rapporteront vos nouvelles d&rsquo;affaires l&rsquo;une apr\u00e8s l&rsquo;autre.<\/span>[\/vc_column_text]<\/div><\/div><\/div>[\/vc_column][\/vc_row][vc_row][vc_column]<div id=\"fullwidth-block-69f0ee273372a\" class=\"fullwidth-block clearfix\"  style=\"padding-top: 160px;padding-bottom: 245px;\"><script type=\"text\/javascript\">if (typeof(gem_fix_fullwidth_position) == \"function\") { gem_fix_fullwidth_position(document.getElementById(\"fullwidth-block-69f0ee273372a\")); }<\/script><div class=\"fullwidth-block-background\" style=\"background-image: url(https:\/\/wpr2.com\/wp-content\/uploads\/2016\/02\/about_us_img6.jpg);background-repeat: no-repeat; background-size: cover;background-position: center bottom;\"><\/div><div class=\"fullwidth-block-inner\"><div class=\"container\"><div class=\"centered-box\"><div class=\"gem-icon gem-icon-pack-elegant gem-icon-size-medium  gem-icon-shape-circle\"  style=\"border-color: #ffb932;opacity: 1;\"><div class=\"gem-icon-inner\" style=\"\"><span class=\"gem-icon-half-1\" style=\"color: #ffb932;\"><span class=\"back-angle\">&#xe104;<\/span><\/span><span class=\"gem-icon-half-2\" style=\"color: #ffb932;\"><span class=\"back-angle\">&#xe104;<\/span><\/span><\/div><\/div><\/div><div class=\"clearboth\"><\/div><style>#thegem-divider-69f0ee273385b {margin-top: 48px !important;}<\/style><div id=\"thegem-divider-69f0ee273385b\" class=\"gem-divider  \" style=\"\" ><\/div>[vc_column_text]<\/p>\n<h2 style=\"text-align: center;\"><span class=\"light\" style=\"color: #ffffff;\">Avancer le march\u00e9 chinois<\/span><\/h2>\n<p>[\/vc_column_text]<div class=\"clearboth\"><\/div><style>#thegem-divider-69f0ee27338ac {margin-top: 34px !important;}<\/style><div id=\"thegem-divider-69f0ee27338ac\" class=\"gem-divider  \" style=\"\" ><\/div>[vc_column_text]<\/p>\n<p style=\"text-align: center; max-width: 900px; margin: 0 auto;\"><span style=\"color: #99a9b5;\">R\u00e9dacteur en chef professionnel et expert en distribution, r\u00e9daction&gt; \u00e9dition&gt; suivi des r\u00e9sultats.<\/span><\/p>\n<p>[\/vc_column_text]<div class=\"clearboth\"><\/div><style>#thegem-divider-69f0ee27338ef {margin-top: -87px !important;}<\/style><div id=\"thegem-divider-69f0ee27338ef\" class=\"gem-divider  \" style=\"\" ><\/div><div class=\"gem-textbox \"  ><div class=\"gem-textbox-inner\" style=\"\"><div class=\"gem-textbox-content\" style=\"background-position: center top;\"><div class=\"gem-alert-box centered-box\"><div class=\"gem-alert-inner\"><div class=\"gem-alert-box-picture\"><div class=\"gem-icon gem-icon-pack-material gem-icon-size-small  gem-icon-shape-square gem-simple-icon\"  style=\"opacity: 1;\"><div class=\"gem-icon-inner\" style=\"\"><span class=\"gem-icon-half-1\" style=\"color: ;\"><span class=\"back-angle\">&#xf287;<\/span><\/span><span class=\"gem-icon-half-2\" style=\"\"><span class=\"back-angle\">&#xf287;<\/span><\/span><\/div><\/div><\/div><div class=\"gem-alert-box-content\"><\/div><div class=\"gem-alert-box-buttons\"><style type=\"text\/css\">.thegem-button-69f0ee2733a462302 .gem-button svg {fill: #ff2e8c;}.thegem-button-69f0ee2733a462302 .gem-button:hover svg {fill: #ff2e8c;}<\/style><div class=\"gem-button-container gem-button-position-inline thegem-button-69f0ee2733a462302    \"  ><a class=\"gem-button gem-button-size-medium gem-button-style-outline gem-button-text-weight-thin gem-button-border-1\" data-ll-effect=\"drop-right-without-wrap\" style=\"border-radius: 0px;border-color: #ff2e8c;color: #ff2e8c;\" onmouseleave=\"this.style.borderColor='#ff2e8c';this.style.backgroundColor='transparent';this.style.color='#ff2e8c';\" onmouseenter=\"this.style.borderColor='#ff2e8c';this.style.backgroundColor='rgba(255,46,140,0.16)';this.style.color='#ff2e8c';\" href=\"\/fr\/cat-allproductsprice-fr\/\" target=\"_self\">Tous les produits<\/a><\/div> <style type=\"text\/css\">.thegem-button-69f0ee2733b0c9604 .gem-button svg {fill: #ffc556;}.thegem-button-69f0ee2733b0c9604 .gem-button:hover svg {fill: #ffc556;}<\/style><div class=\"gem-button-container gem-button-position-inline thegem-button-69f0ee2733b0c9604    \"  ><a class=\"gem-button gem-button-size-medium gem-button-style-outline gem-button-text-weight-thin gem-button-border-1\" data-ll-effect=\"drop-right-without-wrap\" style=\"border-radius: 0px;border-color: #ffc556;color: #ffc556;\" onmouseleave=\"this.style.borderColor='#ffc556';this.style.backgroundColor='transparent';this.style.color='#ffc556';\" onmouseenter=\"this.style.borderColor='#ffc556';this.style.backgroundColor='rgba(255,197,86,0.22)';this.style.color='#ffc556';\" href=\"\/fr\/contact_us_fr\/\" target=\"_self\">Consultation de profondeur<\/a><\/div> <\/div><\/div><\/div><\/div><\/div><\/div><\/div><\/div><\/div>[\/vc_column][\/vc_row]<\/p>\n<\/div>","protected":false},"excerpt":{"rendered":"<p>[vc_row][vc_column width=\u00a0\u00bb1\/2&Prime;][vc_column_text] Payer facilement, transparence des prix [\/vc_column_text][vc_column_text]Charges bas\u00e9es sur le nombre de rapports de m\u00e9dias, l&rsquo;exposition peut \u00eatre d\u00e9termin\u00e9e&#8230;<\/p>\n","protected":false},"author":1,"featured_media":0,"parent":0,"menu_order":0,"comment_status":"closed","ping_status":"closed","template":"","meta":{"footnotes":""},"class_list":["post-31736","page","type-page","status-publish"],"_links":{"self":[{"href":"https:\/\/wpr2.com\/fr\/wp-json\/wp\/v2\/pages\/31736","targetHints":{"allow":["GET"]}}],"collection":[{"href":"https:\/\/wpr2.com\/fr\/wp-json\/wp\/v2\/pages"}],"about":[{"href":"https:\/\/wpr2.com\/fr\/wp-json\/wp\/v2\/types\/page"}],"author":[{"embeddable":true,"href":"https:\/\/wpr2.com\/fr\/wp-json\/wp\/v2\/users\/1"}],"replies":[{"embeddable":true,"href":"https:\/\/wpr2.com\/fr\/wp-json\/wp\/v2\/comments?post=31736"}],"version-history":[{"count":6,"href":"https:\/\/wpr2.com\/fr\/wp-json\/wp\/v2\/pages\/31736\/revisions"}],"predecessor-version":[{"id":31746,"href":"https:\/\/wpr2.com\/fr\/wp-json\/wp\/v2\/pages\/31736\/revisions\/31746"}],"wp:attachment":[{"href":"https:\/\/wpr2.com\/fr\/wp-json\/wp\/v2\/media?parent=31736"}],"curies":[{"name":"wp","href":"https:\/\/api.w.org\/{rel}","templated":true}]}}