{"id":31684,"date":"2018-04-24T10:26:40","date_gmt":"2018-04-24T10:26:40","guid":{"rendered":"https:\/\/wpr2.com\/check-order-progress-tw\/"},"modified":"2018-04-24T14:20:08","modified_gmt":"2018-04-24T14:20:08","slug":"check-order-progress-fr","status":"publish","type":"page","link":"https:\/\/wpr2.com\/fr\/check-order-progress-fr\/","title":{"rendered":"Suivre la progression de la commande"},"content":{"rendered":"<div class=\"wpb-content-wrapper\"><p>[vc_row][vc_column]<div class=\"clearboth\"><\/div><style>#thegem-divider-69f0bf9448203 {margin-top: 110px !important;}<\/style><div id=\"thegem-divider-69f0bf9448203\" class=\"gem-divider  \" style=\"\" ><\/div>[vc_column_text]<\/p>\n<div class=\"title-h2\" style=\"text-align: center;\">Suivre le progr\u00e8s de PR<\/div>\n<p>[\/vc_column_text]<div class=\"clearboth\"><\/div><style>#thegem-divider-69f0bf9448272 {margin-top: 35px !important;}<\/style><div id=\"thegem-divider-69f0bf9448272\" class=\"gem-divider  \" style=\"\" ><\/div>[vc_column_text]<\/p>\n<p style=\"max-width: 840px; text-align: center; margin: auto;\">S&rsquo;il vous pla\u00eet entrer votre num\u00e9ro de commande ou e-mail enregistr\u00e9 et entrez votre code PIN personnel.Les r\u00e9sultats seront envoy\u00e9s \u00e0 vos coordonn\u00e9es par d\u00e9faut.Chaque compte peut \u00eatre interrog\u00e9 une fois par heure, l&rsquo;interrogation r\u00e9p\u00e9t\u00e9e ne r\u00e9pondra pas.<\/p>\n<p>[\/vc_column_text]<div class=\"clearboth\"><\/div><style>#thegem-divider-69f0bf94482c5 {margin-top: 130px !important;}<\/style><div id=\"thegem-divider-69f0bf94482c5\" class=\"gem-divider  \" style=\"\" ><\/div>\n<div class=\"wpcf7 no-js\" id=\"wpcf7-f31678-o1\" lang=\"zh-TW\" dir=\"ltr\" data-wpcf7-id=\"31678\">\n<div class=\"screen-reader-response\"><p role=\"status\" aria-live=\"polite\" aria-atomic=\"true\"><\/p> <ul><\/ul><\/div>\n<form action=\"\/fr\/wp-json\/wp\/v2\/pages\/31684#wpcf7-f31678-o1\" method=\"post\" class=\"wpcf7-form init\" aria-label=\"\u806f\u7d61\u8868\u55ae\" novalidate=\"novalidate\" data-status=\"init\">\n<fieldset class=\"hidden-fields-container\"><input type=\"hidden\" name=\"_wpcf7\" value=\"31678\" \/><input type=\"hidden\" name=\"_wpcf7_version\" value=\"6.1.4\" \/><input type=\"hidden\" name=\"_wpcf7_locale\" value=\"zh_TW\" \/><input type=\"hidden\" name=\"_wpcf7_unit_tag\" value=\"wpcf7-f31678-o1\" \/><input type=\"hidden\" name=\"_wpcf7_container_post\" value=\"0\" \/><input type=\"hidden\" name=\"_wpcf7_posted_data_hash\" value=\"\" \/><input type=\"hidden\" name=\"_wpcf7_recaptcha_response\" value=\"\" \/>\n<\/fieldset>\n<div class=\"form-sidebar\">\n<p class=\"col-md-6\"><span class=\"wpcf7-form-control-wrap\" data-name=\"checkidormail\"><input size=\"40\" maxlength=\"100\" minlength=\"6\" class=\"wpcf7-form-control wpcf7-text wpcf7-validates-as-required\" aria-required=\"true\" aria-invalid=\"false\" placeholder=\"Order ID or E-mail\" value=\"\" type=\"text\" name=\"checkidormail\" \/><\/span><\/p>\n<p class=\"col-md-6\"><span class=\"wpcf7-form-control-wrap\" data-name=\"checkpin\"><input size=\"40\" maxlength=\"4\" minlength=\"4\" class=\"wpcf7-form-control wpcf7-text wpcf7-validates-as-required\" aria-required=\"true\" aria-invalid=\"false\" placeholder=\"Your PIN (Quadra digit)\" value=\"\" type=\"text\" name=\"checkpin\" \/><\/span><\/p>\n<p><\/p>\n<p><input class=\"wpcf7-form-control wpcf7-submit has-spinner\" type=\"submit\" value=\"Checking Order\" \/><\/p>\n<\/div><div class=\"wpcf7-response-output\" aria-hidden=\"true\"><\/div>\n<\/form>\n<\/div>\n<div class=\"clearboth\"><\/div><style>#thegem-divider-69f0bf944d5e2 {margin-top: 110px !important;}<\/style><div id=\"thegem-divider-69f0bf944d5e2\" class=\"gem-divider  \" style=\"\" ><\/div>[\/vc_column][\/vc_row][vc_row full_width=\u00a0\u00bbstretch_row\u00a0\u00bb css=\u00a0\u00bb.vc_custom_1496229523602{margin-bottom: 0px !important;padding-top: 35px !important;padding-bottom: 55px !important;background-color: #232730 !important;}\u00a0\u00bb][vc_column offset=\u00a0\u00bbvc_col-md-4&Prime; css=\u00a0\u00bb.vc_custom_1500632791355{padding-top: 40px !important;padding-right: 0px !important;}\u00a0\u00bb][vc_column_text]<\/p>\n<div class=\"title-h4\"><span style=\"color: #0fb1bb;\">To get started, just contact us.<\/span><\/div>\n<p>[\/vc_column_text]<div class=\"clearboth\"><\/div><style>#thegem-divider-69f0bf944d658 {margin-top: 10px !important;}<\/style><div id=\"thegem-divider-69f0bf944d658\" class=\"gem-divider  \" style=\"\" ><\/div>[\/vc_column][vc_column offset=\u00a0\u00bbvc_col-md-4&Prime;]<div class=\"clearboth\"><\/div><style>#thegem-divider-69f0bf944d6b1 {margin-top: 5px !important;}<\/style><div id=\"thegem-divider-69f0bf944d6b1\" class=\"gem-divider  \" style=\"\" ><\/div>[vc_column_text el_class=\u00a0\u00bb.we-have\u00a0\u00bb]<\/p>\n<div class=\"styled-subtitle\"><span style=\"color: #b2b7bf;\">Enjoy a powerful press release network around the world.<\/span><\/div>\n<p>[\/vc_column_text]<div class=\"clearboth\"><\/div><style>#thegem-divider-69f0bf944d708 {margin-top: 10px !important;}<\/style><div id=\"thegem-divider-69f0bf944d708\" class=\"gem-divider  \" style=\"\" ><\/div>[\/vc_column][vc_column offset=\u00a0\u00bbvc_col-md-4&Prime;]<div class=\"clearboth\"><\/div><style>#thegem-divider-69f0bf944d75d {margin-top: 20px !important;}<\/style><div id=\"thegem-divider-69f0bf944d75d\" class=\"gem-divider  \" style=\"\" ><\/div><style type=\"text\/css\">.thegem-button-69f0bf944d8dd5370 .gem-button svg {fill: #232730;}.thegem-button-69f0bf944d8dd5370 .gem-button:hover svg {fill: #232730;}<\/style><div class=\"gem-button-container gem-button-position-right thegem-button-69f0bf944d8dd5370    \"  ><a class=\"gem-button gem-button-size-medium gem-button-style-flat gem-button-text-weight-thin\" data-ll-effect=\"drop-right-without-wrap\" style=\"border-radius: 0px;background-color: #ffe886;color: #232730;\" onmouseleave=\"this.style.backgroundColor='#ffe886';this.style.color='#232730';\" onmouseenter=\"this.style.backgroundColor='#0fb1bb';this.style.color='#232730';\" href=\"\/30678\/%e6%96%b0%e8%81%9e%e7%a8%bf%e7%99%bc%e5%b8%83%e6%9c%8d%e5%8b%99\/\" target=\"_self\">\u767c\u5e03\u65b0\u805e\u7a3f<\/a><\/div> [\/vc_column][\/vc_row][vc_row full_width=\u00a0\u00bbstretch_row\u00a0\u00bb css=\u00a0\u00bb.vc_custom_1496320481722{margin-bottom: 0px !important;padding-top: 25px !important;padding-bottom: 45px !important;background-color: #0fb1bb !important;}\u00a0\u00bb][vc_column width=\u00a0\u00bb1\/2&Prime; offset=\u00a0\u00bbvc_col-md-4&Prime; css=\u00a0\u00bb.vc_custom_1496318396194{padding-top: 40px !important;}\u00a0\u00bb][vc_column_text]<\/p>\n<div class=\"title-h1\" style=\"text-align: center;\"><span style=\"color: #ffeb7d; font-size: 60px;\">$3,000<\/span><\/div>\n<p>[\/vc_column_text]<div class=\"clearboth\"><\/div><style>#thegem-divider-69f0bf944d99f {margin-top: -20px !important;}<\/style><div id=\"thegem-divider-69f0bf944d99f\" class=\"gem-divider  \" style=\"\" ><\/div>[vc_column_text]<\/p>\n<div class=\"title-h6\" style=\"text-align: center;\"><span style=\"color: #ffffff;\">\u5e6b\u60a8\u5beb\u597d\u65b0\u805e\u7a3f<\/span><\/div>\n<p>[\/vc_column_text][\/vc_column][vc_column width=\u00a0\u00bb1\/2&Prime; offset=\u00a0\u00bbvc_col-lg-5 vc_col-md-4&Prime; el_class=\u00a0\u00bbyellow\u00a0\u00bb]<div class=\"diagram-item\"><div class=\"diagram-wrapper style-2\"><div class=\"\" > <div class=\"digram-line-box \" > <div class=\"skill-element\"> <div class=\"skill-title\">\u53ea\u9700\u54e1\u5de5\u85aa\u6c34\u7684\u4e00\u4e01\u9ede <\/div> <div class=\"clearfix\"> <div style=\"color:#ffeb7d\" class=\"skill-amount\">0%<\/div> <div class=\"skill-line\"><div data-amount=\"7.5\" style=\"width: 0; background: #ffeb7d;\"><\/div><\/div> <\/div> <\/div> <\/div> <\/div><\/div><\/div><div class=\"clearboth\"><\/div><style>#thegem-divider-69f0bf944dd53 {margin-top: -25px !important;}<\/style><div id=\"thegem-divider-69f0bf944dd53\" class=\"gem-divider  \" style=\"\" ><\/div>[vc_column_text]<span style=\"color: #ffffff;\">\u6bcf\u6708\u7701\u4e0b: <strong>$37,000<\/strong><\/span>[\/vc_column_text][\/vc_column][vc_column offset=\u00a0\u00bbvc_col-lg-3 vc_col-md-4&Prime;]<div class=\"clearboth\"><\/div><style>#thegem-divider-69f0bf944ddbb {margin-top: 28px !important;}<\/style><div id=\"thegem-divider-69f0bf944ddbb\" class=\"gem-divider  \" style=\"\" ><\/div><style type=\"text\/css\">.thegem-button-69f0bf944dede8032 .gem-button svg {fill: #ffffff;}.thegem-button-69f0bf944dede8032 .gem-button:hover svg {fill: #232730;}<\/style><div class=\"gem-button-container gem-button-position-right thegem-button-69f0bf944dede8032    \"  ><a class=\"gem-button gem-button-size-medium gem-button-style-outline gem-button-text-weight-thin gem-button-border-1\" data-ll-effect=\"drop-right-without-wrap\" style=\"border-radius: 0px;border-color: #ffffff;color: #ffffff;\" onmouseleave=\"this.style.borderColor='#ffffff';this.style.backgroundColor='transparent';this.style.color='#ffffff';\" onmouseenter=\"this.style.borderColor='#ffffff';this.style.backgroundColor='#ffffff';this.style.color='#232730';\" href=\"\/zh-hant\/30665\/%e6%96%b0%e8%81%9e%e7%a8%bf%e6%92%b0%e5%af%ab%e6%9c%8d%e5%8b%99\/\" target=\"_self\">\u4ee3\u5beb\u65b0\u805e\u7a3f<\/a><\/div> [\/vc_column][\/vc_row]<\/p>\n<\/div>","protected":false},"excerpt":{"rendered":"<p>[vc_row][vc_column][vc_column_text] Suivre le progr\u00e8s de PR [\/vc_column_text][vc_column_text] S&rsquo;il vous pla\u00eet entrer votre num\u00e9ro de commande ou e-mail enregistr\u00e9 et entrez&#8230;<\/p>\n","protected":false},"author":1,"featured_media":0,"parent":0,"menu_order":0,"comment_status":"closed","ping_status":"closed","template":"","meta":{"footnotes":""},"class_list":["post-31684","page","type-page","status-publish"],"_links":{"self":[{"href":"https:\/\/wpr2.com\/fr\/wp-json\/wp\/v2\/pages\/31684","targetHints":{"allow":["GET"]}}],"collection":[{"href":"https:\/\/wpr2.com\/fr\/wp-json\/wp\/v2\/pages"}],"about":[{"href":"https:\/\/wpr2.com\/fr\/wp-json\/wp\/v2\/types\/page"}],"author":[{"embeddable":true,"href":"https:\/\/wpr2.com\/fr\/wp-json\/wp\/v2\/users\/1"}],"replies":[{"embeddable":true,"href":"https:\/\/wpr2.com\/fr\/wp-json\/wp\/v2\/comments?post=31684"}],"version-history":[{"count":4,"href":"https:\/\/wpr2.com\/fr\/wp-json\/wp\/v2\/pages\/31684\/revisions"}],"predecessor-version":[{"id":31694,"href":"https:\/\/wpr2.com\/fr\/wp-json\/wp\/v2\/pages\/31684\/revisions\/31694"}],"wp:attachment":[{"href":"https:\/\/wpr2.com\/fr\/wp-json\/wp\/v2\/media?parent=31684"}],"curies":[{"name":"wp","href":"https:\/\/api.w.org\/{rel}","templated":true}]}}