{"id":31652,"date":"2018-04-20T02:10:20","date_gmt":"2018-04-20T02:10:20","guid":{"rendered":"https:\/\/wpr2.com\/?page_id=31652"},"modified":"2018-11-13T11:56:46","modified_gmt":"2018-11-13T11:56:46","slug":"contact-us-fr","status":"publish","type":"page","link":"https:\/\/wpr2.com\/fr\/contact-us-fr\/","title":{"rendered":"Contact us_fr"},"content":{"rendered":"<div class=\"wpb-content-wrapper\"><p>[vc_row full_width=\u00a0\u00bbstretch_row_content\u00a0\u00bb css=\u00a0\u00bb.vc_custom_1458288744945{margin-bottom: 0px !important;}\u00a0\u00bb][vc_column width=\u00a0\u00bb1\/3&Prime; css=\u00a0\u00bb.vc_custom_1458288953619{padding-right: 60px !important;padding-left: 60px !important;}\u00a0\u00bb]<div class=\"clearboth\"><\/div><style>#thegem-divider-69f0be8a3554d {margin-top: 144px !important;}<\/style><div id=\"thegem-divider-69f0be8a3554d\" class=\"gem-divider  \" style=\"\" ><\/div><div class=\"gem-dropcap gem-dropcap-shape-circle gem-dropcap-style-medium\"><span class=\"gem-dropcap-letter\" style=\"color: #3c3950;border: 1px solid #3c3950;\">N<\/span><\/div>[vc_column_text]ous utilisons le principal r\u00e9seau mondial de coop\u00e9ration avec les m\u00e9dias et des produits de marketing m\u00e9dia hautement comp\u00e9titifs pour aider chaque client \u00e0 obtenir un avantage sur le march\u00e9 et une protection totale de la vie priv\u00e9e pour une exposition m\u00e9diatique \u00ab\u00a0rapide\u00a0\u00bb et \u00ab\u00a0pr\u00e9cise\u00a0\u00bb.[\/vc_column_text][\/vc_column][vc_column width=\u00a0\u00bb2\/3&Prime; css=\u00a0\u00bb.vc_custom_1458289843803{padding-right: 60px !important;padding-left: 60px !important;background-color: #f0f3f2 !important;}\u00a0\u00bb]<div class=\"clearboth\"><\/div><style>#thegem-divider-69f0be8a35626 {margin-top: 102px !important;}<\/style><div id=\"thegem-divider-69f0be8a35626\" class=\"gem-divider  \" style=\"\" ><\/div>[vc_row_inner][vc_column_inner offset=\u00a0\u00bbvc_col-lg-4&Prime;]<div class=\"gem-icon-with-text gem-icon-with-text-icon-size-medium gem-icon-with-text-float-right\" ><div style=\"margin-bottom:0px;margin-top:10px; \" class=\"gem-icon-with-text-icon\"><div class=\"gem-icon gem-icon-pack-elegant gem-icon-size-medium  gem-icon-shape-square gem-simple-icon\"  style=\"opacity: 1;\"><div class=\"gem-icon-inner\" style=\"\"><span class=\"gem-icon-half-1\" style=\"color: #11c2cf;\"><span class=\"back-angle\">&#xe104;<\/span><\/span><span class=\"gem-icon-half-2\" style=\"color: #11c2cf;\"><span class=\"back-angle\">&#xe104;<\/span><\/span><\/div><\/div><\/div><div class=\"gem-icon-with-text-content\" ><div class=\"gem-icon-with-text-text\">[vc_column_text]<\/p>\n<div class=\"title-h4\">E-mail<\/div>\n<p>[\/vc_column_text]<\/div><\/div><div class=\"clearboth\"><\/div><\/div>[vc_column_text css=\u00a0\u00bb.vc_custom_1524190882786{margin-top: -25px !important;}\u00a0\u00bb]Service Clients\uff1a<a href=\"mailto:care@wpr2.com\">care@wpr2.com<\/a><br \/>\nPR Centre\uff1a<a href=\"mailto:prpr@wpr2.com\">prpr@wpr2.com<\/a>[\/vc_column_text][\/vc_column_inner][vc_column_inner offset=\u00a0\u00bbvc_col-lg-4&Prime;]<div class=\"gem-icon-with-text gem-icon-with-text-icon-size-medium gem-icon-with-text-float-right\" ><div style=\"margin-bottom:0px;margin-top:10px; \" class=\"gem-icon-with-text-icon\"><div class=\"gem-icon gem-icon-pack-elegant gem-icon-size-medium  gem-icon-shape-square gem-simple-icon\"  style=\"opacity: 1;\"><div class=\"gem-icon-inner\" style=\"\"><span class=\"gem-icon-half-1\" style=\"color: #8165a3;\"><span class=\"back-angle\">&#xe00b;<\/span><\/span><span class=\"gem-icon-half-2\" style=\"color: #8165a3;\"><span class=\"back-angle\">&#xe00b;<\/span><\/span><\/div><\/div><\/div><div class=\"gem-icon-with-text-content\" ><div class=\"gem-icon-with-text-text\">[vc_column_text]<\/p>\n<div class=\"title-h4\">Service en ligne<\/div>\n<p>[\/vc_column_text]<\/div><\/div><div class=\"clearboth\"><\/div><\/div>[vc_column_text css=\u00a0\u00bb.vc_custom_1522395699157{margin-top: -25px !important;}\u00a0\u00bb]LINE: wpr2com<br \/>\nSkype: wpr2com<br \/>\nTelegram: wpr2com<br \/>\nWechat: wpr2com[\/vc_column_text][\/vc_column_inner][vc_column_inner offset=\u00a0\u00bbvc_col-lg-4&Prime;]<div class=\"gem-icon-with-text gem-icon-with-text-icon-size-medium gem-icon-with-text-float-right\" ><div style=\"margin-bottom:0px;margin-top:10px; \" class=\"gem-icon-with-text-icon\"><div class=\"gem-icon gem-icon-pack-elegant gem-icon-size-medium  gem-icon-shape-square gem-simple-icon\"  style=\"opacity: 1;\"><div class=\"gem-icon-inner\" style=\"\"><span class=\"gem-icon-half-1\" style=\"color: #2fc5b0;\"><span class=\"back-angle\">&#xe023;<\/span><\/span><span class=\"gem-icon-half-2\" style=\"color: #2fc5b0;\"><span class=\"back-angle\">&#xe023;<\/span><\/span><\/div><\/div><\/div><div class=\"gem-icon-with-text-content\" ><div class=\"gem-icon-with-text-text\">[vc_column_text]<\/p>\n<div class=\"title-h4\">Heures de travail<\/div>\n<p>[\/vc_column_text]<\/div><\/div><div class=\"clearboth\"><\/div><\/div>[vc_column_text css=\u00a0\u00bb.vc_custom_1524190997716{margin-top: -25px !important;}\u00a0\u00bb]Lun~Ven: 9:00 \u2013 18:00<br \/>\nSam: 11:00 \u2013 17:00<br \/>\nDim: Secr\u00e9taire priv\u00e9 seulement[\/vc_column_text][\/vc_column_inner][\/vc_row_inner]<div class=\"clearboth\"><\/div><style>#thegem-divider-69f0be8a35915 {margin-top: 102px !important;}<\/style><div id=\"thegem-divider-69f0be8a35915\" class=\"gem-divider  \" style=\"\" ><\/div>[\/vc_column][\/vc_row][vc_row full_width=\u00a0\u00bbstretch_row_content\u00a0\u00bb css=\u00a0\u00bb.vc_custom_1528436181202{margin-bottom: 0px !important;background-image: url(https:\/\/wpr2.com\/wp-content\/uploads\/2018\/06\/fr_paris3_map.jpg?id=32685) !important;background-position: center !important;background-repeat: no-repeat !important;background-size: cover !important;}\u00a0\u00bb][vc_column el_class=\u00a0\u00bb.wpb_widgetised_column .line-2&Prime; css=\u00a0\u00bb.vc_custom_1458295477548{padding-left: 60px !important;}\u00a0\u00bb]<div class=\"clearboth\"><\/div><style>#thegem-divider-69f0be8a35955 {margin-top: 100px !important;}<\/style><div id=\"thegem-divider-69f0be8a35955\" class=\"gem-divider  \" style=\"\" ><\/div>[vc_column_text]<\/p>\n<div class=\"title-h2\"><span style=\"color: #ffffff;\">Europe<\/span><\/div>\n<p>[\/vc_column_text]<div class=\"clearboth\"><\/div><style>#thegem-divider-69f0be8a3598d {margin-top: 32px !important;}<\/style><div id=\"thegem-divider-69f0be8a3598d\" class=\"gem-divider  \" style=\"\" ><\/div>[vc_column_text]<\/p>\n<div class=\"title-h6\"><span style=\"color: #00bcd4;\">Bureau de England et de Fran\u00e7ais<\/span><\/div>\n<p>[\/vc_column_text]<div class=\"clearboth\"><\/div><style>#thegem-divider-69f0be8a359cd {margin-top: 35px !important;}<\/style><div id=\"thegem-divider-69f0be8a359cd\" class=\"gem-divider  \" style=\"\" ><\/div>[vc_column_text]<\/p>\n<div class=\"gem-contacts-item gem-contacts-address\"><span style=\"color: #fff;\">London et Paris<\/span><\/div>\n<p>[\/vc_column_text]<div class=\"clearboth\"><\/div><style>#thegem-divider-69f0be8a35a07 {margin-top: 30px !important;}<\/style><div id=\"thegem-divider-69f0be8a35a07\" class=\"gem-divider  \" style=\"\" ><\/div>[vc_column_text]<\/p>\n<div class=\"gem-contacts-item gem-contacts-phone\"><span style=\"color: #fff;\">+44 161-768-1499 (Seuls les membres)<\/span><\/div>\n<div class=\"gem-contacts-item gem-contacts-email\"><span style=\"color: #fff;\">E-mail: <a href=\"mailto:info@domain.tld\">care@wpr2.com<\/a><\/span><\/div>\n<div class=\"gem-contacts-item gem-contacts-website\"><span style=\"color: #fff;\">Site Internet: <a href=\"https:\/\/wpr2.com\/fr\">www.wpr2.com<\/a><\/span><\/div>\n<p>[\/vc_column_text]<div class=\"clearboth\"><\/div><style>#thegem-divider-69f0be8a35a3d {margin-top: 155px !important;}<\/style><div id=\"thegem-divider-69f0be8a35a3d\" class=\"gem-divider  \" style=\"\" ><\/div>[\/vc_column][\/vc_row][vc_row full_width=\u00a0\u00bbstretch_row_content\u00a0\u00bb el_class=\u00a0\u00bb.wpb_widgetised_column .line-1&Prime; css=\u00a0\u00bb.vc_custom_1458295426190{margin-bottom: 0px !important;}\u00a0\u00bb][vc_column css=\u00a0\u00bb.vc_custom_1458294262873{padding-top: 200px !important;padding-bottom: 50px !important;padding-left: 60px !important;background-image: url(https:\/\/wpr2.com\/wp-content\/uploads\/2016\/03\/3-19.jpg?id=13539) !important;background-position: center !important;background-repeat: no-repeat !important;background-size: cover !important;}\u00a0\u00bb offset=\u00a0\u00bbvc_col-lg-4 vc_col-md-4&Prime;][vc_column_text]<\/p>\n<div class=\"title-h2\"><span style=\"color: #ffffff;\">South Asia<\/span><\/div>\n<p>[\/vc_column_text][vc_column_text]<\/p>\n<div class=\"gem-contacts-item gem-contacts-address\"><span style=\"color: #fff;\">India<\/span><\/div>\n<div class=\"gem-contacts-item gem-contacts-phone\"><a href=\"skype:live:wpr2com?chat\" target=\"_blank\" rel=\"noopener\"><span style=\"color: #fff;\">Skype: wpr2com<\/span><\/a><\/div>\n<div class=\"gem-contacts-item gem-contacts-email\"><span style=\"color: #fff;\">care@wpr2.com<\/span><\/div>\n<p>[\/vc_column_text][\/vc_column][vc_column css=\u00a0\u00bb.vc_custom_1458294284812{padding-top: 200px !important;padding-bottom: 50px !important;padding-left: 60px !important;background-image: url(https:\/\/wpr2.com\/wp-content\/uploads\/2016\/03\/5-20.jpg?id=13543) !important;background-position: center !important;background-repeat: no-repeat !important;background-size: cover !important;}\u00a0\u00bb offset=\u00a0\u00bbvc_col-lg-4 vc_col-md-4&Prime;][vc_column_text]<\/p>\n<div class=\"title-h2\"><span style=\"color: #ffffff;\">America<\/span><\/div>\n<p>[\/vc_column_text][vc_column_text]<\/p>\n<div class=\"gem-contacts-item gem-contacts-address\"><span style=\"color: #fff;\">Los Angeles, USA<\/span><\/div>\n<div class=\"gem-contacts-item gem-contacts-phone\"><span style=\"color: #fff;\">+1 213-550-3868 (Seuls les membres)<\/span><\/div>\n<div class=\"gem-contacts-item gem-contacts-email\"><span style=\"color: #fff;\">care@wpr2.com<\/span><\/div>\n<p>[\/vc_column_text][\/vc_column][vc_column css=\u00a0\u00bb.vc_custom_1528436902199{padding-top: 200px !important;padding-bottom: 50px !important;padding-left: 60px !important;background-image: url(https:\/\/wpr2.com\/wp-content\/uploads\/2018\/06\/taiwan-pic2.jpg?id=32691) !important;background-position: center !important;background-repeat: no-repeat !important;background-size: cover !important;}\u00a0\u00bb offset=\u00a0\u00bbvc_col-lg-4 vc_col-md-4&Prime;][vc_column_text]<\/p>\n<div class=\"title-h2\"><span style=\"color: #ffffff;\">Greater China<\/span><\/div>\n<p>[\/vc_column_text][vc_column_text]<\/p>\n<div class=\"gem-contacts-item gem-contacts-address\"><span style=\"color: #fff;\">Taipei, Taiwan et Hong Kong<\/span><\/div>\n<div class=\"gem-contacts-item gem-contacts-phone\"><span style=\"color: #fff;\">T\u00e9l\u00e9phone:(Seuls les membres)<\/span><\/div>\n<div class=\"gem-contacts-item gem-contacts-email\"><span style=\"color: #fff;\">care@wpr2.com<\/span><\/div>\n<p>[\/vc_column_text][\/vc_column][\/vc_row][vc_row full_width=\u00a0\u00bbstretch_row_content\u00a0\u00bb css=\u00a0\u00bb.vc_custom_1458299441427{margin-bottom: 0px !important;}\u00a0\u00bb][vc_column width=\u00a0\u00bb1\/2&Prime; offset=\u00a0\u00bbvc_col-lg-4 vc_col-md-4&Prime;]<div class=\"gem-textbox  centered-box\"  ><div class=\"gem-textbox-inner\" style=\"\"><div class=\"gem-textbox-content\" style=\"background-position: center top;\"><div class=\"clearboth\"><\/div><style>#thegem-divider-69f0be8a35afb {margin-top: 70px !important;}<\/style><div id=\"thegem-divider-69f0be8a35afb\" class=\"gem-divider  \" style=\"\" ><\/div>[vc_single_image image=\u00a0\u00bb138&Prime; img_size=\u00a0\u00bb128*128&Prime; alignment=\u00a0\u00bbcenter\u00a0\u00bb style=\u00a0\u00bbvc_box_circle_2&Prime;]<div class=\"clearboth\"><\/div><style>#thegem-divider-69f0be8a35b2c {margin-top: 50px !important;}<\/style><div id=\"thegem-divider-69f0be8a35b2c\" class=\"gem-divider  \" style=\"\" ><\/div>[vc_column_text]<\/p>\n<div class=\"title-h4\" style=\"text-align: center;\">Dites-nous votre besoin<\/div>\n<p>[\/vc_column_text]<div class=\"clearboth\"><\/div><style>#thegem-divider-69f0be8a35b5a {margin-top: -10px !important;}<\/style><div id=\"thegem-divider-69f0be8a35b5a\" class=\"gem-divider  \" style=\"\" ><\/div>[vc_column_text]<\/p>\n<p style=\"text-align: center; font-size: 14px; color: #99a9b5;\">D\u00e9partement du service client\u00e8le<\/p>\n<p>[\/vc_column_text]<div class=\"clearboth\"><\/div><style>#thegem-divider-69f0be8a35b87 {margin-top: 30px !important;}<\/style><div id=\"thegem-divider-69f0be8a35b87\" class=\"gem-divider  \" style=\"\" ><\/div>[vc_column_text css=\u00a0\u00bb.vc_custom_1524191318467{padding-right: 40px !important;padding-left: 40px !important;}\u00a0\u00bb]<\/p>\n<p style=\"text-align: center;\">Avoir des opinions pr\u00e9cieuses et des probl\u00e8mes refl\u00e9t\u00e9s, s&rsquo;il vous pla\u00eet laissez les informations de contact correctes, nous vous servirons d\u00e8s que possible.<\/p>\n<p>[\/vc_column_text]<div class=\"clearboth\"><\/div><style>#thegem-divider-69f0be8a35bb3 {margin-top: 55px !important;}<\/style><div id=\"thegem-divider-69f0be8a35bb3\" class=\"gem-divider  \" style=\"\" ><\/div><div class=\"socials socials-list socials-colored socials-rounded socials-alignment-left\"><a class=\"socials-item\" target=\"_blank\" href=\"https:\/\/facebook.com\/wpr2com\" aria-label=\"facebook\"><i class=\"socials-item-icon facebook\" style=\"font-size: 32px\"><\/i><\/a><a class=\"socials-item\" target=\"_blank\" href=\"https:\/\/twitter.com\/wpr2com\" aria-label=\"twitter\"><i class=\"socials-item-icon twitter\" style=\"font-size: 32px\"><\/i><\/a><a class=\"socials-item\" target=\"_blank\" href=\"skype:live:wpr2com?chat\" aria-label=\"skype\"><i class=\"socials-item-icon skype\" style=\"font-size: 32px\"><\/i><\/a><\/div><div class=\"clearboth\"><\/div><style>#thegem-divider-69f0be8a35c2f {margin-top: 55px !important;}<\/style><div id=\"thegem-divider-69f0be8a35c2f\" class=\"gem-divider  \" style=\"\" ><\/div><\/div><\/div><\/div>[\/vc_column][vc_column width=\u00a0\u00bb1\/2&Prime; css=\u00a0\u00bb.vc_custom_1458304893776{padding-right: 65px !important;padding-left: 65px !important;background-color: #f0f3f2 !important;}\u00a0\u00bb offset=\u00a0\u00bbvc_col-lg-8 vc_col-md-8&Prime;]<div class=\"clearboth\"><\/div><style>#thegem-divider-69f0be8a35c6e {margin-top: 60px !important;}<\/style><div id=\"thegem-divider-69f0be8a35c6e\" class=\"gem-divider  \" style=\"\" ><\/div>\n<div class=\"wpcf7 no-js\" id=\"wpcf7-f31667-o1\" lang=\"zh-TW\" dir=\"ltr\" data-wpcf7-id=\"31667\">\n<div class=\"screen-reader-response\"><p role=\"status\" aria-live=\"polite\" aria-atomic=\"true\"><\/p> <ul><\/ul><\/div>\n<form action=\"\/fr\/wp-json\/wp\/v2\/pages\/31652#wpcf7-f31667-o1\" method=\"post\" class=\"wpcf7-form init gem-contact-form-white\" aria-label=\"\u806f\u7d61\u8868\u55ae\" novalidate=\"novalidate\" data-status=\"init\">\n<fieldset class=\"hidden-fields-container\"><input type=\"hidden\" name=\"_wpcf7\" value=\"31667\" \/><input type=\"hidden\" name=\"_wpcf7_version\" value=\"6.1.4\" \/><input type=\"hidden\" name=\"_wpcf7_locale\" value=\"zh_TW\" \/><input type=\"hidden\" name=\"_wpcf7_unit_tag\" value=\"wpcf7-f31667-o1\" \/><input type=\"hidden\" name=\"_wpcf7_container_post\" value=\"0\" \/><input type=\"hidden\" name=\"_wpcf7_posted_data_hash\" value=\"\" \/><input type=\"hidden\" name=\"_wpcf7_recaptcha_response\" value=\"\" \/>\n<\/fieldset>\n<div class=\"form-sidebar\">\n<p class=\"col-md-4\"><span class=\"wpcf7-form-control-wrap\" data-name=\"your-name\"><input size=\"40\" maxlength=\"400\" class=\"wpcf7-form-control wpcf7-text wpcf7-validates-as-required\" aria-required=\"true\" aria-invalid=\"false\" placeholder=\"Pr\u00e9nom*\" value=\"\" type=\"text\" name=\"your-name\" \/><\/span><\/p>\n<p class=\"col-md-4\"><span class=\"wpcf7-form-control-wrap\" data-name=\"insertlanguage\"><input size=\"40\" maxlength=\"400\" class=\"wpcf7-form-control wpcf7-text\" aria-invalid=\"false\" placeholder=\"Fran\u00e7ais,English,\u4e2d\u6587\" value=\"\" type=\"text\" name=\"insertlanguage\" \/><\/span><\/p>\n<p class=\"col-md-4\"><span class=\"wpcf7-form-control-wrap\" data-name=\"insertcompany\"><input size=\"40\" maxlength=\"400\" class=\"wpcf7-form-control wpcf7-text\" aria-invalid=\"false\" placeholder=\"Compagnie\" value=\"\" type=\"text\" name=\"insertcompany\" \/><\/span><\/p>\n<p class=\"col-md-4\"><span class=\"wpcf7-form-control-wrap\" data-name=\"your-email\"><input size=\"40\" maxlength=\"400\" class=\"wpcf7-form-control wpcf7-email wpcf7-validates-as-required wpcf7-text wpcf7-validates-as-email\" aria-required=\"true\" aria-invalid=\"false\" placeholder=\"E-mail*\" value=\"\" type=\"email\" name=\"your-email\" \/><\/span><\/p>\n<p class=\"col-md-4\"><span class=\"wpcf7-form-control-wrap\" data-name=\"insertcomm\"><input size=\"40\" maxlength=\"400\" class=\"wpcf7-form-control wpcf7-text\" aria-invalid=\"false\" placeholder=\"Skype, Telegram or Whatsapp\" value=\"\" type=\"text\" name=\"insertcomm\" \/><\/span><\/p>\n<p class=\"col-md-4\"><span class=\"wpcf7-form-control-wrap\" data-name=\"insertwebsite\"><input size=\"40\" maxlength=\"400\" class=\"wpcf7-form-control wpcf7-text\" aria-invalid=\"false\" placeholder=\"Site internet\" value=\"\" type=\"text\" name=\"insertwebsite\" \/><\/span><\/p>\n<p class=\"col-md-12\"><span class=\"wpcf7-form-control-wrap\" data-name=\"your-subject\"><input size=\"40\" maxlength=\"400\" class=\"wpcf7-form-control wpcf7-text wpcf7-validates-as-required\" aria-required=\"true\" aria-invalid=\"false\" placeholder=\"Assujettir*\" value=\"\" type=\"text\" name=\"your-subject\" \/><\/span><\/p>\n<p class=\"col-md-12\"><span class=\"wpcf7-form-control-wrap\" data-name=\"insertmessege\"><textarea cols=\"40\" rows=\"4\" maxlength=\"2000\" class=\"wpcf7-form-control wpcf7-textarea wpcf7-validates-as-required\" aria-required=\"true\" aria-invalid=\"false\" placeholder=\"Expliquez votre question ou suggestion*\" name=\"insertmessege\"><\/textarea><\/span><\/p>\n\n<div class=\"gem-button-container gem-button-position-fullwidth thegem-button-69f0be8a397541619\"  ><input class=\"gem-button gem-button-size-small gem-button-style-flat gem-button-text-weight-normal wpcf7-form-control wpcf7-submit has-spinner gem-button-wpcf-custom\" data-ll-effect=\"drop-right-without-wrap\" style=\"border-radius: 3px;\" onmouseleave=\"\" onmouseenter=\"\" id=\"\" tabindex=\"\" type=\"submit\" value=\"Soumettre\" \/><\/div>\n<\/div><div class=\"wpcf7-response-output\" aria-hidden=\"true\"><\/div>\n<\/form>\n<\/div>\n[\/vc_column][\/vc_row][vc_row][vc_column]<div id=\"fullwidth-block-69f0be8a4cfa7\" class=\"fullwidth-block clearfix\"  style=\"background-color: #2fc5b0;\"><script type=\"text\/javascript\">if (typeof(gem_fix_fullwidth_position) == \"function\") { gem_fix_fullwidth_position(document.getElementById(\"fullwidth-block-69f0be8a4cfa7\")); }<\/script><div class=\"fullwidth-block-inner\"><div class=\"container\">[vc_row_inner][vc_column_inner offset=\u00a0\u00bbvc_col-lg-4 vc_col-md-5&Prime;]<div class=\"clearboth\"><\/div><style>#thegem-divider-69f0be8a4d046 {margin-top: 80px !important;}<\/style><div id=\"thegem-divider-69f0be8a4d046\" class=\"gem-divider  \" style=\"\" ><\/div>[vc_column_text]<\/p>\n<div class=\"title-h2\" style=\"text-align: center;\"><span style=\"color: #ffffff;\">Progression de la requ\u00eate<\/span><\/div>\n<p>[\/vc_column_text][\/vc_column_inner][vc_column_inner offset=\u00a0\u00bbvc_col-lg-4 vc_col-md-3&Prime;]<div class=\"clearboth\"><\/div><style>#thegem-divider-69f0be8a4d093 {margin-top: 90px !important;}<\/style><div id=\"thegem-divider-69f0be8a4d093\" class=\"gem-divider  \" style=\"\" ><\/div>[vc_column_text]<\/p>\n<p style=\"text-align: center;\"><span style=\"color: #ffffff;\">Vous pouvez cliquer sur \u00ab\u00a0Requ\u00eate PR\u00a0\u00bb ou utiliser directement Skype pour v\u00e9rifier l&rsquo;\u00e9tat de votre couverture d&rsquo;informations sur le site de nouvelles.<\/span><\/p>\n<p>[\/vc_column_text][\/vc_column_inner][vc_column_inner offset=\u00a0\u00bbvc_col-lg-4 vc_col-md-4&Prime;]<div class=\"clearboth\"><\/div><style>#thegem-divider-69f0be8a4d0d1 {margin-top: 60px !important;}<\/style><div id=\"thegem-divider-69f0be8a4d0d1\" class=\"gem-divider  \" style=\"\" ><\/div><style type=\"text\/css\">.thegem-button-69f0be8a4d1ab2183 .gem-button svg {fill: #ffffff;}.thegem-button-69f0be8a4d1ab2183 .gem-button:hover svg {fill: #2fc5b0;}<\/style><div class=\"gem-button-container gem-button-position-center thegem-button-69f0be8a4d1ab2183    \"  ><a class=\"gem-button gem-button-size-medium gem-button-style-outline gem-button-text-weight-normal gem-button-border-3\" data-ll-effect=\"drop-right-without-wrap\" style=\"border-radius: 3px;border-color: #ffffff;color: #ffffff;\" onmouseleave=\"this.style.borderColor='#ffffff';this.style.backgroundColor='transparent';this.style.color='#ffffff';\" onmouseenter=\"this.style.backgroundColor='#ffffff';this.style.color='#2fc5b0';\" href=\"\/check-order-progress-fr\/\" target=\"_self\">Requ\u00eate PR<\/a><\/div> <div class=\"clearboth\"><\/div><style>#thegem-divider-69f0be8a4d218 {margin-top: 60px !important;}<\/style><div id=\"thegem-divider-69f0be8a4d218\" class=\"gem-divider  \" style=\"\" ><\/div>[\/vc_column_inner][\/vc_row_inner]<\/div><\/div><\/div>[\/vc_column][\/vc_row]<\/p>\n<\/div>","protected":false},"excerpt":{"rendered":"<p>[vc_row full_width=\u00a0\u00bbstretch_row_content\u00a0\u00bb css=\u00a0\u00bb.vc_custom_1458288744945{margin-bottom: 0px !important;}\u00a0\u00bb][vc_column width=\u00a0\u00bb1\/3&Prime; css=\u00a0\u00bb.vc_custom_1458288953619{padding-right: 60px !important;padding-left: 60px !important;}\u00a0\u00bb][vc_column_text]ous utilisons le principal r\u00e9seau mondial de coop\u00e9ration avec les&#8230;<\/p>\n","protected":false},"author":1,"featured_media":0,"parent":0,"menu_order":0,"comment_status":"closed","ping_status":"closed","template":"","meta":{"footnotes":""},"class_list":["post-31652","page","type-page","status-publish"],"_links":{"self":[{"href":"https:\/\/wpr2.com\/fr\/wp-json\/wp\/v2\/pages\/31652","targetHints":{"allow":["GET"]}}],"collection":[{"href":"https:\/\/wpr2.com\/fr\/wp-json\/wp\/v2\/pages"}],"about":[{"href":"https:\/\/wpr2.com\/fr\/wp-json\/wp\/v2\/types\/page"}],"author":[{"embeddable":true,"href":"https:\/\/wpr2.com\/fr\/wp-json\/wp\/v2\/users\/1"}],"replies":[{"embeddable":true,"href":"https:\/\/wpr2.com\/fr\/wp-json\/wp\/v2\/comments?post=31652"}],"version-history":[{"count":15,"href":"https:\/\/wpr2.com\/fr\/wp-json\/wp\/v2\/pages\/31652\/revisions"}],"predecessor-version":[{"id":33598,"href":"https:\/\/wpr2.com\/fr\/wp-json\/wp\/v2\/pages\/31652\/revisions\/33598"}],"wp:attachment":[{"href":"https:\/\/wpr2.com\/fr\/wp-json\/wp\/v2\/media?parent=31652"}],"curies":[{"name":"wp","href":"https:\/\/api.w.org\/{rel}","templated":true}]}}